{"id":1031,"date":"2021-03-24T10:36:33","date_gmt":"2021-03-24T09:36:33","guid":{"rendered":"https:\/\/vignoblesdubard.fr\/product\/cremant-dubard-brut-rose-cremant-de-bordeaux-075l\/"},"modified":"2026-01-09T05:54:55","modified_gmt":"2026-01-09T04:54:55","slug":"cremant-dubard-brut-rose-cremant-de-bordeaux-075l","status":"publish","type":"product","link":"https:\/\/vignoblesdubard.fr\/en\/product\/cremant-dubard-brut-rose-cremant-de-bordeaux-075l\/","title":{"rendered":"Cr\u00e9mant Dubard - Brut Ros\u00e9 - Cr\u00e9mant de Bordeaux - - 0,75L"},"content":{"rendered":"","protected":false},"excerpt":{"rendered":"","protected":false},"featured_media":0,"template":"","meta":{"_acf_changed":false},"product_brand":[],"product_cat":[106],"product_tag":[],"class_list":{"0":"post-1031","1":"product","2":"type-product","3":"status-publish","5":"product_cat-uncategorized","7":"first","8":"instock","9":"purchasable","10":"product-type-simple"},"acf":[],"_links":{"self":[{"href":"https:\/\/vignoblesdubard.fr\/en\/wp-json\/wp\/v2\/product\/1031"}],"collection":[{"href":"https:\/\/vignoblesdubard.fr\/en\/wp-json\/wp\/v2\/product"}],"about":[{"href":"https:\/\/vignoblesdubard.fr\/en\/wp-json\/wp\/v2\/types\/product"}],"wp:attachment":[{"href":"https:\/\/vignoblesdubard.fr\/en\/wp-json\/wp\/v2\/media?parent=1031"}],"wp:term":[{"taxonomy":"product_brand","embeddable":true,"href":"https:\/\/vignoblesdubard.fr\/en\/wp-json\/wp\/v2\/product_brand?post=1031"},{"taxonomy":"product_cat","embeddable":true,"href":"https:\/\/vignoblesdubard.fr\/en\/wp-json\/wp\/v2\/product_cat?post=1031"},{"taxonomy":"product_tag","embeddable":true,"href":"https:\/\/vignoblesdubard.fr\/en\/wp-json\/wp\/v2\/product_tag?post=1031"}],"curies":[{"name":"wp","href":"https:\/\/api.w.org\/{rel}","templated":true}]}}