{"id":2430,"date":"2025-06-26T08:08:27","date_gmt":"2025-06-26T06:08:27","guid":{"rendered":"https:\/\/vignoblesdubard.fr\/?page_id=2430"},"modified":"2025-06-26T08:11:58","modified_gmt":"2025-06-26T06:11:58","slug":"actualites","status":"publish","type":"page","link":"https:\/\/vignoblesdubard.fr\/en\/actualites\/","title":{"rendered":"News"},"content":{"rendered":"<div data-elementor-type=\"wp-page\" data-elementor-id=\"2430\" class=\"elementor elementor-2430\" data-elementor-post-type=\"page\">\n\t\t\t\t<div class=\"elementor-element elementor-element-310ee6b e-flex e-con-boxed e-con e-parent\" data-id=\"310ee6b\" data-element_type=\"container\" data-settings=\"{&quot;background_background&quot;:&quot;classic&quot;}\">\n\t\t\t\t\t<div class=\"e-con-inner\">\n\t\t\t\t\t<\/div>\n\t\t\t\t<\/div>\n\t\t<div class=\"elementor-element elementor-element-e809141 e-flex e-con-boxed e-con e-parent\" data-id=\"e809141\" data-element_type=\"container\">\n\t\t\t\t\t<div class=\"e-con-inner\">\n\t\t\t\t<div class=\"elementor-element elementor-element-31d8b23 elementor-widget elementor-widget-heading\" data-id=\"31d8b23\" data-element_type=\"widget\" data-widget_type=\"heading.default\">\n\t\t\t\t<div class=\"elementor-widget-container\">\n\t\t\t\t\t<h1 class=\"elementor-heading-title elementor-size-default\">Vignobles Dubard articles<\/h1>\t\t\t\t<\/div>\n\t\t\t\t<\/div>\n\t\t\t\t<div class=\"elementor-element elementor-element-3dd2ae1 elementor-widget elementor-widget-text-editor\" data-id=\"3dd2ae1\" data-element_type=\"widget\" data-widget_type=\"text-editor.default\">\n\t\t\t\t<div class=\"elementor-widget-container\">\n\t\t\t\t\t\t\t\t\t<p data-start=\"199\" data-end=\"558\">Immerse yourself in the life of our estates! Harvest, new cellars, trade shows, awards and tasting tips... This section invites you to follow the highlights of the seasons at Vignobles Dubard. Between winegrowing tradition and passion for the land, discover what goes on behind the scenes and the stories that shape each bottle.<\/p>\t\t\t\t\t\t\t\t<\/div>\n\t\t\t\t<\/div>\n\t\t\t\t\t<\/div>\n\t\t\t\t<\/div>\n\t\t<div class=\"elementor-element elementor-element-c60de81 e-flex e-con-boxed e-con e-parent\" data-id=\"c60de81\" data-element_type=\"container\">\n\t\t\t\t\t<div class=\"e-con-inner\">\n\t\t\t\t<div class=\"elementor-element elementor-element-69a9daf elementor-grid-3 elementor-grid-tablet-2 elementor-grid-mobile-1 elementor-posts--thumbnail-top elementor-widget elementor-widget-posts\" data-id=\"69a9daf\" data-element_type=\"widget\" data-settings=\"{&quot;classic_columns&quot;:&quot;3&quot;,&quot;classic_columns_tablet&quot;:&quot;2&quot;,&quot;classic_columns_mobile&quot;:&quot;1&quot;,&quot;classic_row_gap&quot;:{&quot;unit&quot;:&quot;px&quot;,&quot;size&quot;:35,&quot;sizes&quot;:[]},&quot;classic_row_gap_tablet&quot;:{&quot;unit&quot;:&quot;px&quot;,&quot;size&quot;:&quot;&quot;,&quot;sizes&quot;:[]},&quot;classic_row_gap_mobile&quot;:{&quot;unit&quot;:&quot;px&quot;,&quot;size&quot;:&quot;&quot;,&quot;sizes&quot;:[]}}\" data-widget_type=\"posts.classic\">\n\t\t\t\t<div class=\"elementor-widget-container\">\n\t\t\t\t\t\t\t<div class=\"elementor-posts-container elementor-posts elementor-posts--skin-classic elementor-grid\" role=\"list\">\n\t\t\t\t<article class=\"elementor-post elementor-grid-item post-2534 post type-post status-publish format-standard has-post-thumbnail hentry category-non-classe\" role=\"listitem\">\n\t\t\t\t<a class=\"elementor-post__thumbnail__link\" href=\"https:\/\/vignoblesdubard.fr\/en\/2534-2\/\" tabindex=\"-1\" >\n\t\t\t<div class=\"elementor-post__thumbnail\"><img fetchpriority=\"high\" decoding=\"async\" width=\"480\" height=\"640\" src=\"https:\/\/vignoblesdubard.fr\/wp-content\/uploads\/2025\/10\/58770764-b669-4639-94d2-54221aad6921-480x640.jpg\" class=\"attachment-medium size-medium wp-image-2541\" alt=\"\" srcset=\"https:\/\/vignoblesdubard.fr\/wp-content\/uploads\/2025\/10\/58770764-b669-4639-94d2-54221aad6921-480x640.jpg 480w, https:\/\/vignoblesdubard.fr\/wp-content\/uploads\/2025\/10\/58770764-b669-4639-94d2-54221aad6921-1024x1365.jpg 1024w, https:\/\/vignoblesdubard.fr\/wp-content\/uploads\/2025\/10\/58770764-b669-4639-94d2-54221aad6921-113x150.jpg 113w, https:\/\/vignoblesdubard.fr\/wp-content\/uploads\/2025\/10\/58770764-b669-4639-94d2-54221aad6921-768x1024.jpg 768w, https:\/\/vignoblesdubard.fr\/wp-content\/uploads\/2025\/10\/58770764-b669-4639-94d2-54221aad6921-1152x1536.jpg 1152w, https:\/\/vignoblesdubard.fr\/wp-content\/uploads\/2025\/10\/58770764-b669-4639-94d2-54221aad6921-9x12.jpg 9w, https:\/\/vignoblesdubard.fr\/wp-content\/uploads\/2025\/10\/58770764-b669-4639-94d2-54221aad6921-990x1320.jpg 990w, https:\/\/vignoblesdubard.fr\/wp-content\/uploads\/2025\/10\/58770764-b669-4639-94d2-54221aad6921-441x588.jpg 441w, https:\/\/vignoblesdubard.fr\/wp-content\/uploads\/2025\/10\/58770764-b669-4639-94d2-54221aad6921-600x800.jpg 600w, https:\/\/vignoblesdubard.fr\/wp-content\/uploads\/2025\/10\/58770764-b669-4639-94d2-54221aad6921-150x200.jpg 150w, https:\/\/vignoblesdubard.fr\/wp-content\/uploads\/2025\/10\/58770764-b669-4639-94d2-54221aad6921.jpg 1200w\" sizes=\"(max-width: 480px) 100vw, 480px\" \/><\/div>\n\t\t<\/a>\n\t\t\t\t<div class=\"elementor-post__text\">\n\t\t\t\t<h3 class=\"elementor-post__title\">\n\t\t\t<a href=\"https:\/\/vignoblesdubard.fr\/en\/2534-2\/\" >\n\t\t\t\tVignobles Dubard's large formats are back! \ud83c\udf77\t\t\t<\/a>\n\t\t<\/h3>\n\t\t\t\t<div class=\"elementor-post__meta-data\">\n\t\t\t\t\t<span class=\"elementor-post-date\">\n\t\t\tOctober 30, 2025\t\t<\/span>\n\t\t\t\t<\/div>\n\t\t\t\t\t<div class=\"elementor-post__read-more-wrapper\">\n\t\t\n\t\t<a class=\"elementor-post__read-more\" href=\"https:\/\/vignoblesdubard.fr\/en\/2534-2\/\" aria-label=\"Read more about Vignobles Dubard&#039;s large format wines are back! \ud83c\udf77\" tabindex=\"-1\" >\n\t\t\tRead more \"\t\t<\/a>\n\n\t\t\t\t\t<\/div>\n\t\t\t\t<\/div>\n\t\t\t\t<\/article>\n\t\t\t\t<article class=\"elementor-post elementor-grid-item post-2484 post type-post status-publish format-standard has-post-thumbnail hentry category-non-classe\" role=\"listitem\">\n\t\t\t\t<a class=\"elementor-post__thumbnail__link\" href=\"https:\/\/vignoblesdubard.fr\/en\/les-vignobles-dubard-passent-en-hve4\/\" tabindex=\"-1\" >\n\t\t\t<div class=\"elementor-post__thumbnail\"><img decoding=\"async\" width=\"480\" height=\"640\" src=\"https:\/\/vignoblesdubard.fr\/wp-content\/uploads\/2025\/07\/800ebbec-1c8a-40b4-94a6-754af71fe283-480x640.jpg\" class=\"attachment-medium size-medium wp-image-2485\" alt=\"\" srcset=\"https:\/\/vignoblesdubard.fr\/wp-content\/uploads\/2025\/07\/800ebbec-1c8a-40b4-94a6-754af71fe283-480x640.jpg 480w, https:\/\/vignoblesdubard.fr\/wp-content\/uploads\/2025\/07\/800ebbec-1c8a-40b4-94a6-754af71fe283-1024x1365.jpg 1024w, https:\/\/vignoblesdubard.fr\/wp-content\/uploads\/2025\/07\/800ebbec-1c8a-40b4-94a6-754af71fe283-113x150.jpg 113w, https:\/\/vignoblesdubard.fr\/wp-content\/uploads\/2025\/07\/800ebbec-1c8a-40b4-94a6-754af71fe283-768x1024.jpg 768w, https:\/\/vignoblesdubard.fr\/wp-content\/uploads\/2025\/07\/800ebbec-1c8a-40b4-94a6-754af71fe283-1152x1536.jpg 1152w, https:\/\/vignoblesdubard.fr\/wp-content\/uploads\/2025\/07\/800ebbec-1c8a-40b4-94a6-754af71fe283-9x12.jpg 9w, https:\/\/vignoblesdubard.fr\/wp-content\/uploads\/2025\/07\/800ebbec-1c8a-40b4-94a6-754af71fe283-990x1320.jpg 990w, https:\/\/vignoblesdubard.fr\/wp-content\/uploads\/2025\/07\/800ebbec-1c8a-40b4-94a6-754af71fe283-441x588.jpg 441w, https:\/\/vignoblesdubard.fr\/wp-content\/uploads\/2025\/07\/800ebbec-1c8a-40b4-94a6-754af71fe283-600x800.jpg 600w, https:\/\/vignoblesdubard.fr\/wp-content\/uploads\/2025\/07\/800ebbec-1c8a-40b4-94a6-754af71fe283-150x200.jpg 150w, https:\/\/vignoblesdubard.fr\/wp-content\/uploads\/2025\/07\/800ebbec-1c8a-40b4-94a6-754af71fe283.jpg 1200w\" sizes=\"(max-width: 480px) 100vw, 480px\" \/><\/div>\n\t\t<\/a>\n\t\t\t\t<div class=\"elementor-post__text\">\n\t\t\t\t<h3 class=\"elementor-post__title\">\n\t\t\t<a href=\"https:\/\/vignoblesdubard.fr\/en\/les-vignobles-dubard-passent-en-hve4\/\" >\n\t\t\t\tVignobles Dubard goes HVE4: A new stage in our commitment to the environment\t\t\t<\/a>\n\t\t<\/h3>\n\t\t\t\t<div class=\"elementor-post__meta-data\">\n\t\t\t\t\t<span class=\"elementor-post-date\">\n\t\t\tJuly 18, 2025\t\t<\/span>\n\t\t\t\t<\/div>\n\t\t\t\t\t<div class=\"elementor-post__read-more-wrapper\">\n\t\t\n\t\t<a class=\"elementor-post__read-more\" href=\"https:\/\/vignoblesdubard.fr\/en\/les-vignobles-dubard-passent-en-hve4\/\" aria-label=\"Read more about Vignobles Dubard goes HVE4: A new stage in our commitment to the environment\" tabindex=\"-1\" >\n\t\t\tRead more \"\t\t<\/a>\n\n\t\t\t\t\t<\/div>\n\t\t\t\t<\/div>\n\t\t\t\t<\/article>\n\t\t\t\t<article class=\"elementor-post elementor-grid-item post-2481 post type-post status-publish format-standard has-post-thumbnail hentry category-non-classe\" role=\"listitem\">\n\t\t\t\t<a class=\"elementor-post__thumbnail__link\" href=\"https:\/\/vignoblesdubard.fr\/en\/le-renouveau-de-notre-vignoble-une-tradition-de-plantation-ancree-dans-lhistoire\/\" tabindex=\"-1\" >\n\t\t\t<div class=\"elementor-post__thumbnail\"><img decoding=\"async\" width=\"480\" height=\"640\" src=\"https:\/\/vignoblesdubard.fr\/wp-content\/uploads\/2025\/07\/ba7b2d91-8169-452b-8a54-e09b19ad427f-480x640.jpg\" class=\"attachment-medium size-medium wp-image-2482\" alt=\"\" srcset=\"https:\/\/vignoblesdubard.fr\/wp-content\/uploads\/2025\/07\/ba7b2d91-8169-452b-8a54-e09b19ad427f-480x640.jpg 480w, https:\/\/vignoblesdubard.fr\/wp-content\/uploads\/2025\/07\/ba7b2d91-8169-452b-8a54-e09b19ad427f-1024x1365.jpg 1024w, https:\/\/vignoblesdubard.fr\/wp-content\/uploads\/2025\/07\/ba7b2d91-8169-452b-8a54-e09b19ad427f-113x150.jpg 113w, https:\/\/vignoblesdubard.fr\/wp-content\/uploads\/2025\/07\/ba7b2d91-8169-452b-8a54-e09b19ad427f-768x1024.jpg 768w, https:\/\/vignoblesdubard.fr\/wp-content\/uploads\/2025\/07\/ba7b2d91-8169-452b-8a54-e09b19ad427f-1152x1536.jpg 1152w, https:\/\/vignoblesdubard.fr\/wp-content\/uploads\/2025\/07\/ba7b2d91-8169-452b-8a54-e09b19ad427f-9x12.jpg 9w, https:\/\/vignoblesdubard.fr\/wp-content\/uploads\/2025\/07\/ba7b2d91-8169-452b-8a54-e09b19ad427f-990x1320.jpg 990w, https:\/\/vignoblesdubard.fr\/wp-content\/uploads\/2025\/07\/ba7b2d91-8169-452b-8a54-e09b19ad427f-441x588.jpg 441w, https:\/\/vignoblesdubard.fr\/wp-content\/uploads\/2025\/07\/ba7b2d91-8169-452b-8a54-e09b19ad427f-600x800.jpg 600w, https:\/\/vignoblesdubard.fr\/wp-content\/uploads\/2025\/07\/ba7b2d91-8169-452b-8a54-e09b19ad427f-150x200.jpg 150w, https:\/\/vignoblesdubard.fr\/wp-content\/uploads\/2025\/07\/ba7b2d91-8169-452b-8a54-e09b19ad427f.jpg 1200w\" sizes=\"(max-width: 480px) 100vw, 480px\" \/><\/div>\n\t\t<\/a>\n\t\t\t\t<div class=\"elementor-post__text\">\n\t\t\t\t<h3 class=\"elementor-post__title\">\n\t\t\t<a href=\"https:\/\/vignoblesdubard.fr\/en\/le-renouveau-de-notre-vignoble-une-tradition-de-plantation-ancree-dans-lhistoire\/\" >\n\t\t\t\tThe Renewal of our Vineyard: A Planting Tradition Rooted in History\t\t\t<\/a>\n\t\t<\/h3>\n\t\t\t\t<div class=\"elementor-post__meta-data\">\n\t\t\t\t\t<span class=\"elementor-post-date\">\n\t\t\tJuly 15, 2025\t\t<\/span>\n\t\t\t\t<\/div>\n\t\t\t\t\t<div class=\"elementor-post__read-more-wrapper\">\n\t\t\n\t\t<a class=\"elementor-post__read-more\" href=\"https:\/\/vignoblesdubard.fr\/en\/le-renouveau-de-notre-vignoble-une-tradition-de-plantation-ancree-dans-lhistoire\/\" aria-label=\"Read more about The Renewal of our Vineyard: A Planting Tradition Rooted in History\" tabindex=\"-1\" >\n\t\t\tRead more \"\t\t<\/a>\n\n\t\t\t\t\t<\/div>\n\t\t\t\t<\/div>\n\t\t\t\t<\/article>\n\t\t\t\t<article class=\"elementor-post elementor-grid-item post-2463 post type-post status-publish format-standard has-post-thumbnail hentry category-non-classe\" role=\"listitem\">\n\t\t\t\t<a class=\"elementor-post__thumbnail__link\" href=\"https:\/\/vignoblesdubard.fr\/en\/un-ete-au-coeur-des-vignobles-dubard-rendez-nous-visite\/\" tabindex=\"-1\" >\n\t\t\t<div class=\"elementor-post__thumbnail\"><img loading=\"lazy\" decoding=\"async\" width=\"480\" height=\"276\" src=\"https:\/\/vignoblesdubard.fr\/wp-content\/uploads\/2019\/02\/autour_velines-vignobles_dubard-81-2.png\" class=\"attachment-medium size-medium wp-image-283\" alt=\"\" srcset=\"https:\/\/vignoblesdubard.fr\/wp-content\/uploads\/2019\/02\/autour_velines-vignobles_dubard-81-2.png 5939w, https:\/\/vignoblesdubard.fr\/wp-content\/uploads\/2019\/02\/autour_velines-vignobles_dubard-81-2-150x86.png 150w, https:\/\/vignoblesdubard.fr\/wp-content\/uploads\/2019\/02\/autour_velines-vignobles_dubard-81-2-600x346.png 600w\" sizes=\"(max-width: 480px) 100vw, 480px\" \/><\/div>\n\t\t<\/a>\n\t\t\t\t<div class=\"elementor-post__text\">\n\t\t\t\t<h3 class=\"elementor-post__title\">\n\t\t\t<a href=\"https:\/\/vignoblesdubard.fr\/en\/un-ete-au-coeur-des-vignobles-dubard-rendez-nous-visite\/\" >\n\t\t\t\tA summer at the heart of Vignobles Dubard - Come and visit us!\t\t\t<\/a>\n\t\t<\/h3>\n\t\t\t\t<div class=\"elementor-post__meta-data\">\n\t\t\t\t\t<span class=\"elementor-post-date\">\n\t\t\t25 June 2025\t\t<\/span>\n\t\t\t\t<\/div>\n\t\t\t\t\t<div class=\"elementor-post__read-more-wrapper\">\n\t\t\n\t\t<a class=\"elementor-post__read-more\" href=\"https:\/\/vignoblesdubard.fr\/en\/un-ete-au-coeur-des-vignobles-dubard-rendez-nous-visite\/\" aria-label=\"Read more about A summer at the heart of Vignobles Dubard - Come and visit us!\" tabindex=\"-1\" >\n\t\t\tRead more \"\t\t<\/a>\n\n\t\t\t\t\t<\/div>\n\t\t\t\t<\/div>\n\t\t\t\t<\/article>\n\t\t\t\t<article class=\"elementor-post elementor-grid-item post-2457 post type-post status-publish format-standard has-post-thumbnail hentry category-non-classe\" role=\"listitem\">\n\t\t\t\t<a class=\"elementor-post__thumbnail__link\" href=\"https:\/\/vignoblesdubard.fr\/en\/lete-en-bouteille-cest-lui-notre-chateau-laulerie-rose\/\" tabindex=\"-1\" >\n\t\t\t<div class=\"elementor-post__thumbnail\"><img loading=\"lazy\" decoding=\"async\" width=\"444\" height=\"546\" src=\"https:\/\/vignoblesdubard.fr\/wp-content\/uploads\/2025\/06\/laulerie-rose.png\" class=\"attachment-medium size-medium wp-image-2458\" alt=\"\" srcset=\"https:\/\/vignoblesdubard.fr\/wp-content\/uploads\/2025\/06\/laulerie-rose.png 444w, https:\/\/vignoblesdubard.fr\/wp-content\/uploads\/2025\/06\/laulerie-rose-122x150.png 122w, https:\/\/vignoblesdubard.fr\/wp-content\/uploads\/2025\/06\/laulerie-rose-10x12.png 10w, https:\/\/vignoblesdubard.fr\/wp-content\/uploads\/2025\/06\/laulerie-rose-441x542.png 441w, https:\/\/vignoblesdubard.fr\/wp-content\/uploads\/2025\/06\/laulerie-rose-150x184.png 150w\" sizes=\"(max-width: 444px) 100vw, 444px\" \/><\/div>\n\t\t<\/a>\n\t\t\t\t<div class=\"elementor-post__text\">\n\t\t\t\t<h3 class=\"elementor-post__title\">\n\t\t\t<a href=\"https:\/\/vignoblesdubard.fr\/en\/lete-en-bouteille-cest-lui-notre-chateau-laulerie-rose\/\" >\n\t\t\t\tIt's summer in a bottle: our Ch\u00e2teau Laulerie Ros\u00e9!\t\t\t<\/a>\n\t\t<\/h3>\n\t\t\t\t<div class=\"elementor-post__meta-data\">\n\t\t\t\t\t<span class=\"elementor-post-date\">\n\t\t\t18 June 2025\t\t<\/span>\n\t\t\t\t<\/div>\n\t\t\t\t\t<div class=\"elementor-post__read-more-wrapper\">\n\t\t\n\t\t<a class=\"elementor-post__read-more\" href=\"https:\/\/vignoblesdubard.fr\/en\/lete-en-bouteille-cest-lui-notre-chateau-laulerie-rose\/\" aria-label=\"Read more about Summer in the bottle: our Ch\u00e2teau Laulerie Ros\u00e9!\" tabindex=\"-1\" >\n\t\t\tRead more \"\t\t<\/a>\n\n\t\t\t\t\t<\/div>\n\t\t\t\t<\/div>\n\t\t\t\t<\/article>\n\t\t\t\t<article class=\"elementor-post elementor-grid-item post-2445 post type-post status-publish format-standard has-post-thumbnail hentry category-non-classe\" role=\"listitem\">\n\t\t\t\t<a class=\"elementor-post__thumbnail__link\" href=\"https:\/\/vignoblesdubard.fr\/en\/retour-sur-notre-journee-portes-ouvertes-au-vignoble-dubard\/\" tabindex=\"-1\" >\n\t\t\t<div class=\"elementor-post__thumbnail\"><img loading=\"lazy\" decoding=\"async\" width=\"480\" height=\"678\" src=\"https:\/\/vignoblesdubard.fr\/wp-content\/uploads\/2025\/06\/photo-2025-05-26-17-17-42-480x678.jpg\" class=\"attachment-medium size-medium wp-image-2450\" alt=\"\" srcset=\"https:\/\/vignoblesdubard.fr\/wp-content\/uploads\/2025\/06\/photo-2025-05-26-17-17-42-480x678.jpg 480w, https:\/\/vignoblesdubard.fr\/wp-content\/uploads\/2025\/06\/photo-2025-05-26-17-17-42-1024x1446.jpg 1024w, https:\/\/vignoblesdubard.fr\/wp-content\/uploads\/2025\/06\/photo-2025-05-26-17-17-42-106x150.jpg 106w, https:\/\/vignoblesdubard.fr\/wp-content\/uploads\/2025\/06\/photo-2025-05-26-17-17-42-768x1085.jpg 768w, https:\/\/vignoblesdubard.fr\/wp-content\/uploads\/2025\/06\/photo-2025-05-26-17-17-42-1088x1536.jpg 1088w, https:\/\/vignoblesdubard.fr\/wp-content\/uploads\/2025\/06\/photo-2025-05-26-17-17-42-8x12.jpg 8w, https:\/\/vignoblesdubard.fr\/wp-content\/uploads\/2025\/06\/photo-2025-05-26-17-17-42-990x1398.jpg 990w, https:\/\/vignoblesdubard.fr\/wp-content\/uploads\/2025\/06\/photo-2025-05-26-17-17-42-441x623.jpg 441w, https:\/\/vignoblesdubard.fr\/wp-content\/uploads\/2025\/06\/photo-2025-05-26-17-17-42-600x847.jpg 600w, https:\/\/vignoblesdubard.fr\/wp-content\/uploads\/2025\/06\/photo-2025-05-26-17-17-42-150x212.jpg 150w, https:\/\/vignoblesdubard.fr\/wp-content\/uploads\/2025\/06\/photo-2025-05-26-17-17-42.jpg 1133w\" sizes=\"(max-width: 480px) 100vw, 480px\" \/><\/div>\n\t\t<\/a>\n\t\t\t\t<div class=\"elementor-post__text\">\n\t\t\t\t<h3 class=\"elementor-post__title\">\n\t\t\t<a href=\"https:\/\/vignoblesdubard.fr\/en\/retour-sur-notre-journee-portes-ouvertes-au-vignoble-dubard\/\" >\n\t\t\t\tA look back at our Open Day at Vignoble Dubard\t\t\t<\/a>\n\t\t<\/h3>\n\t\t\t\t<div class=\"elementor-post__meta-data\">\n\t\t\t\t\t<span class=\"elementor-post-date\">\n\t\t\tMay 27, 2025\t\t<\/span>\n\t\t\t\t<\/div>\n\t\t\t\t\t<div class=\"elementor-post__read-more-wrapper\">\n\t\t\n\t\t<a class=\"elementor-post__read-more\" href=\"https:\/\/vignoblesdubard.fr\/en\/retour-sur-notre-journee-portes-ouvertes-au-vignoble-dubard\/\" aria-label=\"Read more about Our Open Day at Vignoble Dubard\" tabindex=\"-1\" >\n\t\t\tRead more \"\t\t<\/a>\n\n\t\t\t\t\t<\/div>\n\t\t\t\t<\/div>\n\t\t\t\t<\/article>\n\t\t\t\t<\/div>\n\t\t\n\t\t\t\t\t\t<\/div>\n\t\t\t\t<\/div>\n\t\t\t\t\t<\/div>\n\t\t\t\t<\/div>\n\t\t\t\t<\/div>","protected":false},"excerpt":{"rendered":"<p>Les articles des Vignobles Dubard Plongez au c\u0153ur de la vie de nos domaines ! Vendanges, nouveaut\u00e9s en cave, salons, distinctions ou conseils de d\u00e9gustation\u2026 Cette rubrique vous invite \u00e0 suivre les temps forts qui rythment les saisons aux Vignobles Dubard. Entre tradition viticole et passion du terroir, d\u00e9couvrez les<\/p>","protected":false},"author":4,"featured_media":0,"parent":0,"menu_order":1,"comment_status":"closed","ping_status":"closed","template":"elementor_header_footer","meta":{"_acf_changed":false,"footnotes":""},"class_list":["post-2430","page","type-page","status-publish","hentry"],"acf":[],"_links":{"self":[{"href":"https:\/\/vignoblesdubard.fr\/en\/wp-json\/wp\/v2\/pages\/2430"}],"collection":[{"href":"https:\/\/vignoblesdubard.fr\/en\/wp-json\/wp\/v2\/pages"}],"about":[{"href":"https:\/\/vignoblesdubard.fr\/en\/wp-json\/wp\/v2\/types\/page"}],"author":[{"embeddable":true,"href":"https:\/\/vignoblesdubard.fr\/en\/wp-json\/wp\/v2\/users\/4"}],"replies":[{"embeddable":true,"href":"https:\/\/vignoblesdubard.fr\/en\/wp-json\/wp\/v2\/comments?post=2430"}],"version-history":[{"count":4,"href":"https:\/\/vignoblesdubard.fr\/en\/wp-json\/wp\/v2\/pages\/2430\/revisions"}],"predecessor-version":[{"id":2434,"href":"https:\/\/vignoblesdubard.fr\/en\/wp-json\/wp\/v2\/pages\/2430\/revisions\/2434"}],"wp:attachment":[{"href":"https:\/\/vignoblesdubard.fr\/en\/wp-json\/wp\/v2\/media?parent=2430"}],"curies":[{"name":"wp","href":"https:\/\/api.w.org\/{rel}","templated":true}]}}