{"id":1463,"date":"2024-01-31T10:59:08","date_gmt":"2024-01-31T09:59:08","guid":{"rendered":"https:\/\/vignoblesdubard.fr\/?page_id=1463"},"modified":"2024-08-27T11:28:39","modified_gmt":"2024-08-27T09:28:39","slug":"nos-valeurs","status":"publish","type":"page","link":"https:\/\/vignoblesdubard.fr\/en\/nos-valeurs\/","title":{"rendered":"Our values"},"content":{"rendered":"\t\t<div data-elementor-type=\"wp-page\" data-elementor-id=\"1463\" class=\"elementor elementor-1463\" data-elementor-post-type=\"page\">\n\t\t\t\t<div class=\"elementor-element elementor-element-e3a794d e-flex e-con-boxed e-con e-parent\" data-id=\"e3a794d\" data-element_type=\"container\" data-e-type=\"container\" data-settings=\"{&quot;background_background&quot;:&quot;video&quot;,&quot;background_motion_fx_translateY_effect&quot;:&quot;yes&quot;,&quot;background_motion_fx_range&quot;:&quot;viewport&quot;,&quot;background_video_link&quot;:&quot;https:\\\/\\\/vignoblesdubard.fr\\\/wp-content\\\/uploads\\\/2019\\\/05\\\/Les-Vignobles-Dubard-valeurs.mp4&quot;,&quot;background_play_on_mobile&quot;:&quot;yes&quot;,&quot;background_motion_fx_translateY_speed&quot;:{&quot;unit&quot;:&quot;px&quot;,&quot;size&quot;:4,&quot;sizes&quot;:[]},&quot;background_motion_fx_translateY_affectedRange&quot;:{&quot;unit&quot;:&quot;%&quot;,&quot;size&quot;:&quot;&quot;,&quot;sizes&quot;:{&quot;start&quot;:0,&quot;end&quot;:100}},&quot;background_motion_fx_devices&quot;:[&quot;desktop&quot;,&quot;tablet&quot;,&quot;mobile&quot;]}\">\n\t\t\t\t\t<div class=\"e-con-inner\">\n\t\t<div class=\"elementor-background-video-container\">\n\t\t\t\t\t\t\t<video class=\"elementor-background-video-hosted\" role=\"presentation\" autoplay muted playsinline loop><\/video>\n\t\t\t\t\t<\/div>\t\t<div class=\"elementor-element elementor-element-deb3954 elementor-widget-mobile__width-initial elementor-widget elementor-widget-heading\" data-id=\"deb3954\" data-element_type=\"widget\" data-e-type=\"widget\" data-widget_type=\"heading.default\">\n\t\t\t\t<div class=\"elementor-widget-container\">\n\t\t\t\t\t<h2 class=\"elementor-heading-title elementor-size-default\">Nos Valeurs<\/h2>\t\t\t\t<\/div>\n\t\t\t\t<\/div>\n\t\t\t\t<div class=\"elementor-element elementor-element-8bd3476 elementor-widget elementor-widget-image\" data-id=\"8bd3476\" data-element_type=\"widget\" data-e-type=\"widget\" data-widget_type=\"image.default\">\n\t\t\t\t<div class=\"elementor-widget-container\">\n\t\t\t\t\t\t\t\t\t\t\t\t\t\t\t<img decoding=\"async\" width=\"188\" height=\"11\" src=\"https:\/\/vignoblesdubard.fr\/wp-content\/uploads\/2024\/01\/svg-gobbler-2.svg\" class=\"attachment-large size-large wp-image-1431\" alt=\"\" sizes=\"(max-width: 360px) 147px, \" \/>\t\t\t\t\t\t\t\t\t\t\t\t\t\t\t<\/div>\n\t\t\t\t<\/div>\n\t\t\t\t<div class=\"elementor-element elementor-element-c67ea32 elementor-widget-tablet__width-initial elementor-widget-mobile__width-initial elementor-widget elementor-widget-heading\" data-id=\"c67ea32\" data-element_type=\"widget\" data-e-type=\"widget\" data-widget_type=\"heading.default\">\n\t\t\t\t<div class=\"elementor-widget-container\">\n\t\t\t\t\t<h3 class=\"elementor-heading-title elementor-size-default\">Marcher l\u00e9g\u00e8rement sur la Terre, vivre en \u00e9quilibre et en harmonie<\/h3>\t\t\t\t<\/div>\n\t\t\t\t<\/div>\n\t\t\t\t\t<\/div>\n\t\t\t\t<\/div>\n\t\t<div class=\"elementor-element elementor-element-cbadd4f e-flex e-con-boxed e-con e-parent\" data-id=\"cbadd4f\" data-element_type=\"container\" data-e-type=\"container\" data-settings=\"{&quot;background_background&quot;:&quot;classic&quot;}\">\n\t\t\t\t\t<div class=\"e-con-inner\">\n\t\t<div class=\"elementor-element elementor-element-d34cd3c e-flex e-con-boxed e-con e-child\" data-id=\"d34cd3c\" data-element_type=\"container\" data-e-type=\"container\" data-settings=\"{&quot;background_background&quot;:&quot;classic&quot;}\">\n\t\t\t\t\t<div class=\"e-con-inner\">\n\t\t<div class=\"elementor-element elementor-element-184ea20 e-con-full e-flex e-con e-child\" data-id=\"184ea20\" data-element_type=\"container\" data-e-type=\"container\">\n\t\t\t\t<div class=\"elementor-element elementor-element-04f49b9 elementor-widget elementor-widget-heading\" data-id=\"04f49b9\" data-element_type=\"widget\" data-e-type=\"widget\" data-widget_type=\"heading.default\">\n\t\t\t\t<div class=\"elementor-widget-container\">\n\t\t\t\t\t<h2 class=\"elementor-heading-title elementor-size-default\">L'humain<\/h2>\t\t\t\t<\/div>\n\t\t\t\t<\/div>\n\t\t\t\t<div class=\"elementor-element elementor-element-40f2f2b elementor-view-default elementor-widget elementor-widget-icon\" data-id=\"40f2f2b\" data-element_type=\"widget\" data-e-type=\"widget\" data-widget_type=\"icon.default\">\n\t\t\t\t<div class=\"elementor-widget-container\">\n\t\t\t\t\t\t\t<div class=\"elementor-icon-wrapper\">\n\t\t\t<div class=\"elementor-icon\">\n\t\t\t<svg xmlns=\"http:\/\/www.w3.org\/2000\/svg\" xmlns:xlink=\"http:\/\/www.w3.org\/1999\/xlink\" class=\"nav-arrow\" width=\"25px\" height=\"59px\" viewBox=\"0 0 25 59\"><g stroke=\"none\" stroke-width=\"1\" fill-rule=\"evenodd\"><g transform=\"translate(-1021.000000, -1312.000000)\" fill-rule=\"nonzero\"><path d=\"M1033.00147,1362.04022 L1033.00147,1325.66198 L1021,1314.16484 L1023.06758,1312 L1033.5,1321.99402 L1043.93242,1312 L1046,1314.16484 L1033.99853,1325.66198 L1033.99853,1362.04022 C1036.2419,1362.28858 1037.98678,1364.19341 1037.98678,1366.50639 C1037.98678,1368.98814 1035.97798,1371 1033.5,1371 C1031.02202,1371 1029.01322,1368.98814 1029.01322,1366.50639 C1029.01322,1364.19341 1030.7581,1362.28858 1033.00147,1362.04022 Z\"><\/path><\/g><\/g><\/svg>\t\t\t<\/div>\n\t\t<\/div>\n\t\t\t\t\t\t<\/div>\n\t\t\t\t<\/div>\n\t\t\t\t<div class=\"elementor-element elementor-element-2ca012d elementor-widget__width-initial elementor-widget elementor-widget-text-editor\" data-id=\"2ca012d\" data-element_type=\"widget\" data-e-type=\"widget\" data-widget_type=\"text-editor.default\">\n\t\t\t\t<div class=\"elementor-widget-container\">\n\t\t\t\t\t\t\t\t\t<p>Il y a plus de 40 ans, la famille Dubard a choisi cette Terre et ne l\u2019a plus quitt\u00e9e. A partir de 2008, les Vignobles Dubard ont pris une nouvelle envergure avec l\u2019arriv\u00e9e de la 2\u00e8me g\u00e9n\u00e9ration, Gr\u00e9gory, ing\u00e9nieur-\u0153nologue. En \u00e9quipe, ils cr\u00e9ent et produisent ensemble une gamme de vins les pieds dans le vignoble et la t\u00eate dans les \u00e9toiles.<\/p>\t\t\t\t\t\t\t\t<\/div>\n\t\t\t\t<\/div>\n\t\t\t\t<\/div>\n\t\t<div class=\"elementor-element elementor-element-58dc1a6 e-con-full e-flex e-con e-child\" data-id=\"58dc1a6\" data-element_type=\"container\" data-e-type=\"container\" data-settings=\"{&quot;background_background&quot;:&quot;classic&quot;}\">\n\t\t\t\t<div class=\"elementor-element elementor-element-76eb800 elementor-widget elementor-widget-spacer\" data-id=\"76eb800\" data-element_type=\"widget\" data-e-type=\"widget\" data-widget_type=\"spacer.default\">\n\t\t\t\t<div class=\"elementor-widget-container\">\n\t\t\t\t\t\t\t<div class=\"elementor-spacer\">\n\t\t\t<div class=\"elementor-spacer-inner\"><\/div>\n\t\t<\/div>\n\t\t\t\t\t\t<\/div>\n\t\t\t\t<\/div>\n\t\t\t\t<\/div>\n\t\t\t\t\t<\/div>\n\t\t\t\t<\/div>\n\t\t<div class=\"elementor-element elementor-element-897ed94 e-flex e-con-boxed e-con e-child\" data-id=\"897ed94\" data-element_type=\"container\" data-e-type=\"container\" data-settings=\"{&quot;background_background&quot;:&quot;classic&quot;}\">\n\t\t\t\t\t<div class=\"e-con-inner\">\n\t\t<div class=\"elementor-element elementor-element-0c27f3e e-con-full e-flex e-con e-child\" data-id=\"0c27f3e\" data-element_type=\"container\" data-e-type=\"container\">\n\t\t\t\t<div class=\"elementor-element elementor-element-c131968 elementor-widget elementor-widget-heading\" data-id=\"c131968\" data-element_type=\"widget\" data-e-type=\"widget\" data-widget_type=\"heading.default\">\n\t\t\t\t<div class=\"elementor-widget-container\">\n\t\t\t\t\t<h2 class=\"elementor-heading-title elementor-size-default\">La terre<\/h2>\t\t\t\t<\/div>\n\t\t\t\t<\/div>\n\t\t\t\t<div class=\"elementor-element elementor-element-359b2ff elementor-view-default elementor-widget elementor-widget-icon\" data-id=\"359b2ff\" data-element_type=\"widget\" data-e-type=\"widget\" data-widget_type=\"icon.default\">\n\t\t\t\t<div class=\"elementor-widget-container\">\n\t\t\t\t\t\t\t<div class=\"elementor-icon-wrapper\">\n\t\t\t<div class=\"elementor-icon\">\n\t\t\t<svg xmlns=\"http:\/\/www.w3.org\/2000\/svg\" xmlns:xlink=\"http:\/\/www.w3.org\/1999\/xlink\" class=\"nav-arrow\" width=\"25px\" height=\"59px\" viewBox=\"0 0 25 59\"><g stroke=\"none\" stroke-width=\"1\" fill-rule=\"evenodd\"><g transform=\"translate(-1021.000000, -1312.000000)\" fill-rule=\"nonzero\"><path d=\"M1033.00147,1362.04022 L1033.00147,1325.66198 L1021,1314.16484 L1023.06758,1312 L1033.5,1321.99402 L1043.93242,1312 L1046,1314.16484 L1033.99853,1325.66198 L1033.99853,1362.04022 C1036.2419,1362.28858 1037.98678,1364.19341 1037.98678,1366.50639 C1037.98678,1368.98814 1035.97798,1371 1033.5,1371 C1031.02202,1371 1029.01322,1368.98814 1029.01322,1366.50639 C1029.01322,1364.19341 1030.7581,1362.28858 1033.00147,1362.04022 Z\"><\/path><\/g><\/g><\/svg>\t\t\t<\/div>\n\t\t<\/div>\n\t\t\t\t\t\t<\/div>\n\t\t\t\t<\/div>\n\t\t\t\t<div class=\"elementor-element elementor-element-f77ebc0 elementor-widget__width-initial elementor-widget elementor-widget-text-editor\" data-id=\"f77ebc0\" data-element_type=\"widget\" data-e-type=\"widget\" data-widget_type=\"text-editor.default\">\n\t\t\t\t<div class=\"elementor-widget-container\">\n\t\t\t\t\t\t\t\t\t<p>Les vignobles s\u2019\u00e9tendent aujourd\u2019hui sur plus de 100 ha sur la rive droite de la Dordogne : 85 ha en Bergerac-Montravel, 8.50 ha en Lalande de Pomerol et 8.50 ha en Puisseguin Saint Emilion. La diversit\u00e9 des c\u00e9pages et l\u2019identit\u00e9 des terroirs s\u2019expriment dans les vins, avec pour toile de fond, leur touche personnelle. Ici, la famille Dubard a \u00e0 c\u0153ur de pr\u00e9server l\u2019environnement pour continuer d\u2019\u00e9crire son histoire.<\/p>\t\t\t\t\t\t\t\t<\/div>\n\t\t\t\t<\/div>\n\t\t\t\t<\/div>\n\t\t<div class=\"elementor-element elementor-element-ed1c185 e-con-full e-flex e-con e-child\" data-id=\"ed1c185\" data-element_type=\"container\" data-e-type=\"container\" data-settings=\"{&quot;background_background&quot;:&quot;classic&quot;}\">\n\t\t\t\t<div class=\"elementor-element elementor-element-9fa8ab0 elementor-widget elementor-widget-spacer\" data-id=\"9fa8ab0\" data-element_type=\"widget\" data-e-type=\"widget\" data-widget_type=\"spacer.default\">\n\t\t\t\t<div class=\"elementor-widget-container\">\n\t\t\t\t\t\t\t<div class=\"elementor-spacer\">\n\t\t\t<div class=\"elementor-spacer-inner\"><\/div>\n\t\t<\/div>\n\t\t\t\t\t\t<\/div>\n\t\t\t\t<\/div>\n\t\t\t\t<\/div>\n\t\t\t\t\t<\/div>\n\t\t\t\t<\/div>\n\t\t<div class=\"elementor-element elementor-element-b029fd8 e-flex e-con-boxed e-con e-child\" data-id=\"b029fd8\" data-element_type=\"container\" data-e-type=\"container\" data-settings=\"{&quot;background_background&quot;:&quot;classic&quot;}\">\n\t\t\t\t\t<div class=\"e-con-inner\">\n\t\t<div class=\"elementor-element elementor-element-fcc313a e-con-full e-flex e-con e-child\" data-id=\"fcc313a\" data-element_type=\"container\" data-e-type=\"container\">\n\t\t\t\t<div class=\"elementor-element elementor-element-cb19d50 elementor-widget elementor-widget-heading\" data-id=\"cb19d50\" data-element_type=\"widget\" data-e-type=\"widget\" data-widget_type=\"heading.default\">\n\t\t\t\t<div class=\"elementor-widget-container\">\n\t\t\t\t\t<h2 class=\"elementor-heading-title elementor-size-default\">L'INSPIRATION<\/h2>\t\t\t\t<\/div>\n\t\t\t\t<\/div>\n\t\t\t\t<div class=\"elementor-element elementor-element-d44db5c elementor-view-default elementor-widget elementor-widget-icon\" data-id=\"d44db5c\" data-element_type=\"widget\" data-e-type=\"widget\" data-widget_type=\"icon.default\">\n\t\t\t\t<div class=\"elementor-widget-container\">\n\t\t\t\t\t\t\t<div class=\"elementor-icon-wrapper\">\n\t\t\t<div class=\"elementor-icon\">\n\t\t\t<svg xmlns=\"http:\/\/www.w3.org\/2000\/svg\" xmlns:xlink=\"http:\/\/www.w3.org\/1999\/xlink\" class=\"nav-arrow\" width=\"25px\" height=\"59px\" viewBox=\"0 0 25 59\"><g stroke=\"none\" stroke-width=\"1\" fill-rule=\"evenodd\"><g transform=\"translate(-1021.000000, -1312.000000)\" fill-rule=\"nonzero\"><path d=\"M1033.00147,1362.04022 L1033.00147,1325.66198 L1021,1314.16484 L1023.06758,1312 L1033.5,1321.99402 L1043.93242,1312 L1046,1314.16484 L1033.99853,1325.66198 L1033.99853,1362.04022 C1036.2419,1362.28858 1037.98678,1364.19341 1037.98678,1366.50639 C1037.98678,1368.98814 1035.97798,1371 1033.5,1371 C1031.02202,1371 1029.01322,1368.98814 1029.01322,1366.50639 C1029.01322,1364.19341 1030.7581,1362.28858 1033.00147,1362.04022 Z\"><\/path><\/g><\/g><\/svg>\t\t\t<\/div>\n\t\t<\/div>\n\t\t\t\t\t\t<\/div>\n\t\t\t\t<\/div>\n\t\t\t\t<div class=\"elementor-element elementor-element-fea139c elementor-widget__width-initial elementor-widget elementor-widget-text-editor\" data-id=\"fea139c\" data-element_type=\"widget\" data-e-type=\"widget\" data-widget_type=\"text-editor.default\">\n\t\t\t\t<div class=\"elementor-widget-container\">\n\t\t\t\t\t\t\t\t\t<p>Passionn\u00e9 par l\u2019univers du vin et l\u2019art de vivre qui s\u2019y rattache, Gr\u00e9gory s\u2019inspire de toute la palette de terroirs qui s\u2019offrent \u00e0 lui pour cr\u00e9er des vins aux profils identitaires. Observer, sentir, go\u00fbter, \u00e9couter ses envies, ses intuitions ; s\u2019imposer une grande rigueur, et tracer son propre chemin.<\/p>\t\t\t\t\t\t\t\t<\/div>\n\t\t\t\t<\/div>\n\t\t\t\t<\/div>\n\t\t<div class=\"elementor-element elementor-element-a6a1d31 e-con-full e-flex e-con e-child\" data-id=\"a6a1d31\" data-element_type=\"container\" data-e-type=\"container\" data-settings=\"{&quot;background_background&quot;:&quot;classic&quot;}\">\n\t\t\t\t<div class=\"elementor-element elementor-element-57e79b3 elementor-widget elementor-widget-spacer\" data-id=\"57e79b3\" data-element_type=\"widget\" data-e-type=\"widget\" data-widget_type=\"spacer.default\">\n\t\t\t\t<div class=\"elementor-widget-container\">\n\t\t\t\t\t\t\t<div class=\"elementor-spacer\">\n\t\t\t<div class=\"elementor-spacer-inner\"><\/div>\n\t\t<\/div>\n\t\t\t\t\t\t<\/div>\n\t\t\t\t<\/div>\n\t\t\t\t<\/div>\n\t\t\t\t\t<\/div>\n\t\t\t\t<\/div>\n\t\t<div class=\"elementor-element elementor-element-0deadd3 e-flex e-con-boxed e-con e-child\" data-id=\"0deadd3\" data-element_type=\"container\" data-e-type=\"container\" data-settings=\"{&quot;background_background&quot;:&quot;classic&quot;}\">\n\t\t\t\t\t<div class=\"e-con-inner\">\n\t\t<div class=\"elementor-element elementor-element-e5cbb57 e-con-full e-flex e-con e-child\" data-id=\"e5cbb57\" data-element_type=\"container\" data-e-type=\"container\">\n\t\t\t\t<div class=\"elementor-element elementor-element-e5018a1 elementor-widget elementor-widget-heading\" data-id=\"e5018a1\" data-element_type=\"widget\" data-e-type=\"widget\" data-widget_type=\"heading.default\">\n\t\t\t\t<div class=\"elementor-widget-container\">\n\t\t\t\t\t<h2 class=\"elementor-heading-title elementor-size-default\">L'AMBITION<\/h2>\t\t\t\t<\/div>\n\t\t\t\t<\/div>\n\t\t\t\t<div class=\"elementor-element elementor-element-0ca0481 elementor-view-default elementor-widget elementor-widget-icon\" data-id=\"0ca0481\" data-element_type=\"widget\" data-e-type=\"widget\" data-widget_type=\"icon.default\">\n\t\t\t\t<div class=\"elementor-widget-container\">\n\t\t\t\t\t\t\t<div class=\"elementor-icon-wrapper\">\n\t\t\t<div class=\"elementor-icon\">\n\t\t\t<svg xmlns=\"http:\/\/www.w3.org\/2000\/svg\" xmlns:xlink=\"http:\/\/www.w3.org\/1999\/xlink\" class=\"nav-arrow\" width=\"25px\" height=\"59px\" viewBox=\"0 0 25 59\"><g stroke=\"none\" stroke-width=\"1\" fill-rule=\"evenodd\"><g transform=\"translate(-1021.000000, -1312.000000)\" fill-rule=\"nonzero\"><path d=\"M1033.00147,1362.04022 L1033.00147,1325.66198 L1021,1314.16484 L1023.06758,1312 L1033.5,1321.99402 L1043.93242,1312 L1046,1314.16484 L1033.99853,1325.66198 L1033.99853,1362.04022 C1036.2419,1362.28858 1037.98678,1364.19341 1037.98678,1366.50639 C1037.98678,1368.98814 1035.97798,1371 1033.5,1371 C1031.02202,1371 1029.01322,1368.98814 1029.01322,1366.50639 C1029.01322,1364.19341 1030.7581,1362.28858 1033.00147,1362.04022 Z\"><\/path><\/g><\/g><\/svg>\t\t\t<\/div>\n\t\t<\/div>\n\t\t\t\t\t\t<\/div>\n\t\t\t\t<\/div>\n\t\t\t\t<div class=\"elementor-element elementor-element-828bead elementor-widget__width-initial elementor-widget elementor-widget-text-editor\" data-id=\"828bead\" data-element_type=\"widget\" data-e-type=\"widget\" data-widget_type=\"text-editor.default\">\n\t\t\t\t<div class=\"elementor-widget-container\">\n\t\t\t\t\t\t\t\t\t<p>Au-del\u00e0 de la simple continuit\u00e9, Gr\u00e9gory aspire \u00e0 \u00e9crire une autre page de l\u2019aventure familiale avec \u00e0 chaque \u00e9tape, une recherche d\u2019excellence. D\u00e8s 2008, son ambition a guid\u00e9 l\u2019extension\u00a0 des vignobles Dubard dans le bordelais sur de prestigieuses appellations, la restructuration des vignobles, la cr\u00e9ation r\u00e9guli\u00e8re de nouvelles cuv\u00e9es, la certification Haute Valeur Environnementale de niveau 3\u2026 Leur savoir-faire est d\u00e9sormais reconnu en France et \u00e0 l\u2019International dans plus de 20 pays.<\/p>\t\t\t\t\t\t\t\t<\/div>\n\t\t\t\t<\/div>\n\t\t\t\t<\/div>\n\t\t<div class=\"elementor-element elementor-element-37964d7 e-con-full e-flex e-con e-child\" data-id=\"37964d7\" data-element_type=\"container\" data-e-type=\"container\" data-settings=\"{&quot;background_background&quot;:&quot;classic&quot;}\">\n\t\t\t\t<div class=\"elementor-element elementor-element-7061898 elementor-widget elementor-widget-spacer\" data-id=\"7061898\" data-element_type=\"widget\" data-e-type=\"widget\" data-widget_type=\"spacer.default\">\n\t\t\t\t<div class=\"elementor-widget-container\">\n\t\t\t\t\t\t\t<div class=\"elementor-spacer\">\n\t\t\t<div class=\"elementor-spacer-inner\"><\/div>\n\t\t<\/div>\n\t\t\t\t\t\t<\/div>\n\t\t\t\t<\/div>\n\t\t\t\t<\/div>\n\t\t\t\t\t<\/div>\n\t\t\t\t<\/div>\n\t\t<div class=\"elementor-element elementor-element-8f554d9 e-flex e-con-boxed e-con e-child\" data-id=\"8f554d9\" data-element_type=\"container\" data-e-type=\"container\" data-settings=\"{&quot;background_background&quot;:&quot;classic&quot;}\">\n\t\t\t\t\t<div class=\"e-con-inner\">\n\t\t<div class=\"elementor-element elementor-element-a06d24b e-con-full e-flex e-con e-child\" data-id=\"a06d24b\" data-element_type=\"container\" data-e-type=\"container\">\n\t\t\t\t<div class=\"elementor-element elementor-element-9aa2096 elementor-widget elementor-widget-heading\" data-id=\"9aa2096\" data-element_type=\"widget\" data-e-type=\"widget\" data-widget_type=\"heading.default\">\n\t\t\t\t<div class=\"elementor-widget-container\">\n\t\t\t\t\t<h2 class=\"elementor-heading-title elementor-size-default\">LE PARTAGE<\/h2>\t\t\t\t<\/div>\n\t\t\t\t<\/div>\n\t\t\t\t<div class=\"elementor-element elementor-element-06f4bc7 elementor-view-default elementor-widget elementor-widget-icon\" data-id=\"06f4bc7\" data-element_type=\"widget\" data-e-type=\"widget\" data-widget_type=\"icon.default\">\n\t\t\t\t<div class=\"elementor-widget-container\">\n\t\t\t\t\t\t\t<div class=\"elementor-icon-wrapper\">\n\t\t\t<div class=\"elementor-icon\">\n\t\t\t<svg xmlns=\"http:\/\/www.w3.org\/2000\/svg\" xmlns:xlink=\"http:\/\/www.w3.org\/1999\/xlink\" class=\"nav-arrow\" width=\"25px\" height=\"59px\" viewBox=\"0 0 25 59\"><g stroke=\"none\" stroke-width=\"1\" fill-rule=\"evenodd\"><g transform=\"translate(-1021.000000, -1312.000000)\" fill-rule=\"nonzero\"><path d=\"M1033.00147,1362.04022 L1033.00147,1325.66198 L1021,1314.16484 L1023.06758,1312 L1033.5,1321.99402 L1043.93242,1312 L1046,1314.16484 L1033.99853,1325.66198 L1033.99853,1362.04022 C1036.2419,1362.28858 1037.98678,1364.19341 1037.98678,1366.50639 C1037.98678,1368.98814 1035.97798,1371 1033.5,1371 C1031.02202,1371 1029.01322,1368.98814 1029.01322,1366.50639 C1029.01322,1364.19341 1030.7581,1362.28858 1033.00147,1362.04022 Z\"><\/path><\/g><\/g><\/svg>\t\t\t<\/div>\n\t\t<\/div>\n\t\t\t\t\t\t<\/div>\n\t\t\t\t<\/div>\n\t\t\t\t<div class=\"elementor-element elementor-element-796bd9c elementor-widget__width-initial elementor-widget elementor-widget-text-editor\" data-id=\"796bd9c\" data-element_type=\"widget\" data-e-type=\"widget\" data-widget_type=\"text-editor.default\">\n\t\t\t\t<div class=\"elementor-widget-container\">\n\t\t\t\t\t\t\t\t\t<p>Cr\u00e9er des vins n\u2019a de sens que pour partager les \u00e9motions qui les ont fait na\u00eetre.<br \/>Chaque jour, dans le monde, pr\u00e8s de 2000 bouteilles des Vignobles Dubard sont d\u00e9gust\u00e9es. Vous aussi, venez \u00e0 notre rencontre !<\/p>\t\t\t\t\t\t\t\t<\/div>\n\t\t\t\t<\/div>\n\t\t\t\t<\/div>\n\t\t<div class=\"elementor-element elementor-element-a20a57b e-con-full e-flex e-con e-child\" data-id=\"a20a57b\" data-element_type=\"container\" data-e-type=\"container\" data-settings=\"{&quot;background_background&quot;:&quot;classic&quot;}\">\n\t\t\t\t<div class=\"elementor-element elementor-element-e5b1fc7 elementor-widget elementor-widget-spacer\" data-id=\"e5b1fc7\" data-element_type=\"widget\" data-e-type=\"widget\" data-widget_type=\"spacer.default\">\n\t\t\t\t<div class=\"elementor-widget-container\">\n\t\t\t\t\t\t\t<div class=\"elementor-spacer\">\n\t\t\t<div class=\"elementor-spacer-inner\"><\/div>\n\t\t<\/div>\n\t\t\t\t\t\t<\/div>\n\t\t\t\t<\/div>\n\t\t\t\t<\/div>\n\t\t\t\t\t<\/div>\n\t\t\t\t<\/div>\n\t\t\t\t\t<\/div>\n\t\t\t\t<\/div>\n\t\t\t\t<\/div>\n\t\t","protected":false},"excerpt":{"rendered":"<p>Nos Valeurs Marcher l\u00e9g\u00e8rement sur la Terre, vivre en \u00e9quilibre et en harmonie L&rsquo;humain &nbsp; Il y a plus de 40 ans, la famille Dubard a choisi cette Terre et ne l\u2019a plus quitt\u00e9e. A partir de 2008, les Vignobles Dubard ont pris une nouvelle envergure avec l\u2019arriv\u00e9e de la 2\u00e8me g\u00e9n\u00e9ration, Gr\u00e9gory, ing\u00e9nieur-\u0153nologue. En [&hellip;]<\/p>\n","protected":false},"author":4,"featured_media":0,"parent":0,"menu_order":5,"comment_status":"closed","ping_status":"closed","template":"elementor_header_footer","meta":{"_acf_changed":false,"footnotes":""},"class_list":["post-1463","page","type-page","status-publish","hentry"],"acf":[],"_links":{"self":[{"href":"https:\/\/vignoblesdubard.fr\/en\/wp-json\/wp\/v2\/pages\/1463"}],"collection":[{"href":"https:\/\/vignoblesdubard.fr\/en\/wp-json\/wp\/v2\/pages"}],"about":[{"href":"https:\/\/vignoblesdubard.fr\/en\/wp-json\/wp\/v2\/types\/page"}],"author":[{"embeddable":true,"href":"https:\/\/vignoblesdubard.fr\/en\/wp-json\/wp\/v2\/users\/4"}],"replies":[{"embeddable":true,"href":"https:\/\/vignoblesdubard.fr\/en\/wp-json\/wp\/v2\/comments?post=1463"}],"version-history":[{"count":0,"href":"https:\/\/vignoblesdubard.fr\/en\/wp-json\/wp\/v2\/pages\/1463\/revisions"}],"wp:attachment":[{"href":"https:\/\/vignoblesdubard.fr\/en\/wp-json\/wp\/v2\/media?parent=1463"}],"curies":[{"name":"wp","href":"https:\/\/api.w.org\/{rel}","templated":true}]}}