{"id":1445,"date":"2024-01-31T10:48:52","date_gmt":"2024-01-31T09:48:52","guid":{"rendered":"https:\/\/vignoblesdubard.fr\/?page_id=1445"},"modified":"2024-03-27T10:37:46","modified_gmt":"2024-03-27T09:37:46","slug":"nous-rendre-visite","status":"publish","type":"page","link":"https:\/\/vignoblesdubard.fr\/en\/nous-rendre-visite\/","title":{"rendered":"Visit us"},"content":{"rendered":"\t\t<div data-elementor-type=\"wp-page\" data-elementor-id=\"1445\" class=\"elementor elementor-1445\" data-elementor-post-type=\"page\">\n\t\t\t\t<div class=\"elementor-element elementor-element-77aa996 e-flex e-con-boxed e-con e-parent\" data-id=\"77aa996\" data-element_type=\"container\" data-e-type=\"container\" data-settings=\"{&quot;background_background&quot;:&quot;classic&quot;}\">\n\t\t\t\t\t<div class=\"e-con-inner\">\n\t\t<div class=\"elementor-element elementor-element-cda3744 e-flex e-con-boxed e-con e-child\" data-id=\"cda3744\" data-element_type=\"container\" data-e-type=\"container\" data-settings=\"{&quot;background_background&quot;:&quot;classic&quot;}\">\n\t\t\t\t\t<div class=\"e-con-inner\">\n\t\t\t\t<div class=\"elementor-element elementor-element-ad82722 elementor-widget elementor-widget-heading\" data-id=\"ad82722\" data-element_type=\"widget\" data-e-type=\"widget\" data-widget_type=\"heading.default\">\n\t\t\t\t<div class=\"elementor-widget-container\">\n\t\t\t\t\t<h2 class=\"elementor-heading-title elementor-size-default\">Nous rendre visite<\/h2>\t\t\t\t<\/div>\n\t\t\t\t<\/div>\n\t\t\t\t<div class=\"elementor-element elementor-element-0a0360d elementor-widget elementor-widget-text-editor\" data-id=\"0a0360d\" data-element_type=\"widget\" data-e-type=\"widget\" data-widget_type=\"text-editor.default\">\n\t\t\t\t<div class=\"elementor-widget-container\">\n\t\t\t\t\t\t\t\t\t<p style=\"margin-top: 0px; margin-bottom: 1rem; color: #6d6e70; font-family: 'Helvetica Neue lite', -apple-system, 'system-ui', 'Segoe UI', Roboto, Arial, sans-serif; font-size: 16.96px; text-align: left;\">Nous vous invitons avec plaisir \u00e0 venir d\u00e9couvrir nos diff\u00e9rents vins et appellations au Ch\u00e2teau Laulerie.<\/p><p style=\"margin-top: 0px; margin-bottom: 1rem; color: #6d6e70; font-family: 'Helvetica Neue lite', -apple-system, 'system-ui', 'Segoe UI', Roboto, Arial, sans-serif; font-size: 16.96px; text-align: left;\">A<span class=\"s1\">fin de vous r\u00e9server le meilleur accueil, nous vous conseillons de v\u00e9rifier notre disponibilit\u00e9 au\u00a0<\/span><span style=\"font-weight: bolder;\">05 53 82 48 31<\/span><span class=\"s1\">\u00a0ou contact@vignoblesdubard.fr. Nous restons \u00e9galement \u00e0 votre \u00e9coute pour toute demande sp\u00e9cifique (groupe ou visite en-dehors des horaires indiqu\u00e9s\/week-end).<\/span><\/p><p style=\"margin-top: 0px; margin-bottom: 1rem; color: #6d6e70; font-family: 'Helvetica Neue lite', -apple-system, 'system-ui', 'Segoe UI', Roboto, Arial, sans-serif; font-size: 16.96px; text-align: left;\"><span class=\"s1\"><br \/><strong>Dur\u00e9e\u00a0:<\/strong><span class=\"s1\">\u00a0entre 15 minutes et 1 heure suivant la demande<br \/><span style=\"font-weight: bolder;\">Tarif :\u00a0<\/span><span class=\"s2\">6 \u20ac par personne<\/span><span class=\"s1\">, gratuit pour tout achat de 6 \u20ac et plus<\/span><br \/><span style=\"font-weight: bolder;\">Horaires :\u00a0<\/span>du Lundi au Vendredi<span class=\"s1\">\u00a008:30 \u201312:30 | 13:30 \u201317:30\u00a0<span style=\"font-weight: bolder;\">Samedi, Dimanche sur rendez-vous<\/span><\/span><\/span><\/span><\/p>\t\t\t\t\t\t\t\t<\/div>\n\t\t\t\t<\/div>\n\t\t\t\t<div class=\"elementor-element elementor-element-1dc63c4 elementor-button-align-center elementor-widget elementor-widget-form\" data-id=\"1dc63c4\" data-element_type=\"widget\" data-e-type=\"widget\" data-settings=\"{&quot;step_next_label&quot;:&quot;Suivant&quot;,&quot;step_previous_label&quot;:&quot;Pr\\u00e9c\\u00e9dent&quot;,&quot;button_width&quot;:&quot;100&quot;,&quot;step_type&quot;:&quot;number_text&quot;,&quot;step_icon_shape&quot;:&quot;circle&quot;}\" data-widget_type=\"form.default\">\n\t\t\t\t<div class=\"elementor-widget-container\">\n\t\t\t\t\t\t\t<form class=\"elementor-form\" method=\"post\" name=\"Formulaire &quot;Nous rendre service&quot;\" aria-label=\"Formulaire &quot;Nous rendre service&quot;\">\n\t\t\t<input type=\"hidden\" name=\"post_id\" value=\"1445\"\/>\n\t\t\t<input type=\"hidden\" name=\"form_id\" value=\"1dc63c4\"\/>\n\t\t\t<input type=\"hidden\" name=\"referer_title\" value=\"Nous rendre visite - Vignobles Dubard\" \/>\n\n\t\t\t\t\t\t\t<input type=\"hidden\" name=\"queried_id\" value=\"1445\"\/>\n\t\t\t\n\t\t\t<div class=\"elementor-form-fields-wrapper elementor-labels-\">\n\t\t\t\t\t\t\t\t<div class=\"elementor-field-type-text elementor-field-group elementor-column elementor-field-group-name elementor-col-100 elementor-field-required\">\n\t\t\t\t\t\t\t\t\t\t\t\t<label for=\"form-field-name\" class=\"elementor-field-label elementor-screen-only\">\n\t\t\t\t\t\t\t\tNom et pr\u00e9nom\t\t\t\t\t\t\t<\/label>\n\t\t\t\t\t\t\t\t\t\t\t\t\t\t<input size=\"1\" type=\"text\" name=\"form_fields[name]\" id=\"form-field-name\" class=\"elementor-field elementor-size-sm  elementor-field-textual\" placeholder=\"Nom et pr\u00e9nom\" required=\"required\">\n\t\t\t\t\t\t\t\t\t\t\t<\/div>\n\t\t\t\t\t\t\t\t<div class=\"elementor-field-type-email elementor-field-group elementor-column elementor-field-group-email elementor-col-100 elementor-field-required\">\n\t\t\t\t\t\t\t\t\t\t\t\t<label for=\"form-field-email\" class=\"elementor-field-label elementor-screen-only\">\n\t\t\t\t\t\t\t\tE-mail\t\t\t\t\t\t\t<\/label>\n\t\t\t\t\t\t\t\t\t\t\t\t\t\t<input size=\"1\" type=\"email\" name=\"form_fields[email]\" id=\"form-field-email\" class=\"elementor-field elementor-size-sm  elementor-field-textual\" placeholder=\"E-mail\" required=\"required\">\n\t\t\t\t\t\t\t\t\t\t\t<\/div>\n\t\t\t\t\t\t\t\t<div class=\"elementor-field-type-tel elementor-field-group elementor-column elementor-field-group-field_72db35b elementor-col-100 elementor-field-required\">\n\t\t\t\t\t\t\t\t\t\t\t\t<label for=\"form-field-field_72db35b\" class=\"elementor-field-label elementor-screen-only\">\n\t\t\t\t\t\t\t\tT\u00e9l\u00e9phone\t\t\t\t\t\t\t<\/label>\n\t\t\t\t\t\t\t\t<input size=\"1\" type=\"tel\" name=\"form_fields[field_72db35b]\" id=\"form-field-field_72db35b\" class=\"elementor-field elementor-size-sm  elementor-field-textual\" placeholder=\"T\u00e9l\u00e9phone\" required=\"required\" pattern=\"[0-9()#&amp;+*-=.]+\" title=\"Seuls les caract\u00e8res de num\u00e9ros de t\u00e9l\u00e9phone (#, -, *, etc.) sont accept\u00e9s.\">\n\n\t\t\t\t\t\t<\/div>\n\t\t\t\t\t\t\t\t<div class=\"elementor-field-type-textarea elementor-field-group elementor-column elementor-field-group-message elementor-col-100 elementor-field-required\">\n\t\t\t\t\t\t\t\t\t\t\t\t<label for=\"form-field-message\" class=\"elementor-field-label elementor-screen-only\">\n\t\t\t\t\t\t\t\tMessage\t\t\t\t\t\t\t<\/label>\n\t\t\t\t\t\t<textarea class=\"elementor-field-textual elementor-field  elementor-size-sm\" name=\"form_fields[message]\" id=\"form-field-message\" rows=\"5\" placeholder=\"Message\" required=\"required\"><\/textarea>\t\t\t\t<\/div>\n\t\t\t\t\t\t\t\t<div class=\"elementor-field-group elementor-column elementor-field-type-submit elementor-col-100 e-form__buttons\">\n\t\t\t\t\t<button class=\"elementor-button elementor-size-sm\" type=\"submit\">\n\t\t\t\t\t\t<span class=\"elementor-button-content-wrapper\">\n\t\t\t\t\t\t\t\t\t\t\t\t\t\t\t\t\t\t\t\t\t\t<span class=\"elementor-button-text\">Envoyer<\/span>\n\t\t\t\t\t\t\t\t\t\t\t\t\t<\/span>\n\t\t\t\t\t<\/button>\n\t\t\t\t<\/div>\n\t\t\t<\/div>\n\t\t<\/form>\n\t\t\t\t\t\t<\/div>\n\t\t\t\t<\/div>\n\t\t\t\t\t<\/div>\n\t\t\t\t<\/div>\n\t\t\t\t\t<\/div>\n\t\t\t\t<\/div>\n\t\t<div class=\"elementor-element elementor-element-98f689a e-con-full e-flex e-con e-parent\" data-id=\"98f689a\" data-element_type=\"container\" data-e-type=\"container\">\n\t\t\t\t<div class=\"elementor-element elementor-element-ce71842 elementor-widget elementor-widget-google_maps\" data-id=\"ce71842\" data-element_type=\"widget\" data-e-type=\"widget\" data-widget_type=\"google_maps.default\">\n\t\t\t\t<div class=\"elementor-widget-container\">\n\t\t\t\t\t\t\t<div class=\"elementor-custom-embed\">\n\t\t\t<iframe loading=\"lazy\"\n\t\t\t\t\tsrc=\"https:\/\/maps.google.com\/maps?q=Le%20Gouyat%2024610%20Saint-M%C3%A9ard-de-Gur%C3%A7on&#038;t=m&#038;z=11&#038;output=embed&#038;iwloc=near\"\n\t\t\t\t\ttitle=\"Le Gouyat 24610 Saint-M\u00e9ard-de-Gur\u00e7on\"\n\t\t\t\t\taria-label=\"Le Gouyat 24610 Saint-M\u00e9ard-de-Gur\u00e7on\"\n\t\t\t><\/iframe>\n\t\t<\/div>\n\t\t\t\t\t\t<\/div>\n\t\t\t\t<\/div>\n\t\t\t\t<\/div>\n\t\t\t\t<\/div>\n\t\t","protected":false},"excerpt":{"rendered":"<p>Nous rendre visite Nous vous invitons avec plaisir \u00e0 venir d\u00e9couvrir nos diff\u00e9rents vins et appellations au Ch\u00e2teau Laulerie. Afin de vous r\u00e9server le meilleur accueil, nous vous conseillons de v\u00e9rifier notre disponibilit\u00e9 au\u00a005 53 82 48 31\u00a0ou contact@vignoblesdubard.fr. Nous restons \u00e9galement \u00e0 votre \u00e9coute pour toute demande sp\u00e9cifique (groupe ou visite en-dehors des horaires [&hellip;]<\/p>\n","protected":false},"author":4,"featured_media":0,"parent":0,"menu_order":6,"comment_status":"closed","ping_status":"closed","template":"elementor_header_footer","meta":{"_acf_changed":false,"footnotes":""},"class_list":["post-1445","page","type-page","status-publish","hentry"],"acf":[],"_links":{"self":[{"href":"https:\/\/vignoblesdubard.fr\/en\/wp-json\/wp\/v2\/pages\/1445"}],"collection":[{"href":"https:\/\/vignoblesdubard.fr\/en\/wp-json\/wp\/v2\/pages"}],"about":[{"href":"https:\/\/vignoblesdubard.fr\/en\/wp-json\/wp\/v2\/types\/page"}],"author":[{"embeddable":true,"href":"https:\/\/vignoblesdubard.fr\/en\/wp-json\/wp\/v2\/users\/4"}],"replies":[{"embeddable":true,"href":"https:\/\/vignoblesdubard.fr\/en\/wp-json\/wp\/v2\/comments?post=1445"}],"version-history":[{"count":0,"href":"https:\/\/vignoblesdubard.fr\/en\/wp-json\/wp\/v2\/pages\/1445\/revisions"}],"wp:attachment":[{"href":"https:\/\/vignoblesdubard.fr\/en\/wp-json\/wp\/v2\/media?parent=1445"}],"curies":[{"name":"wp","href":"https:\/\/api.w.org\/{rel}","templated":true}]}}